{"id":7,"date":"2024-08-20T11:20:02","date_gmt":"2024-08-20T09:20:02","guid":{"rendered":"https:\/\/waveazur.fr\/?page_id=7"},"modified":"2024-08-20T16:50:20","modified_gmt":"2024-08-20T14:50:20","slug":"accueil","status":"publish","type":"page","link":"https:\/\/waveazur.fr\/","title":{"rendered":"Accueil"},"content":{"rendered":"\n<div class=\"wp-block-cover alignfull\" style=\"min-height:720px;aspect-ratio:unset;\"><span aria-hidden=\"true\" class=\"wp-block-cover__background has-background-dim-100 has-background-dim has-background-gradient\" style=\"background:linear-gradient(90deg,rgba(159,222,87,0.86) 0%,rgb(6,147,227) 100%,rgb(92,225,230) 100%)\"><\/span><div class=\"wp-block-cover__inner-container is-layout-flow wp-block-cover-is-layout-flow\">\n<div class=\"inherit-container-width wp-block-group alignwide is-layout-constrained wp-block-group-is-layout-constrained\">\n<div class=\"wp-block-media-text alignwide has-media-on-the-right is-stacked-on-mobile is-vertically-aligned-center\" style=\"grid-template-columns:auto 33%\"><div class=\"wp-block-media-text__content\">\n<h1 class=\"wp-block-heading has-text-align-left has-white-color has-text-color has-x-large-font-size\">Bienvenue sur notre site <\/h1>\n\n\n\n<p>Optimiser votre productivit\u00e9, nous en faisons notre priorit\u00e9. Par notre expertise en informatique, nous vous accompagnons dans tous vos projets en proposant une maintenance, et assistance, vente de logiciels et de mat\u00e9riels, et bien plus encore.<\/p>\n\n\n\n<div class=\"wp-block-buttons is-layout-flex wp-block-buttons-is-layout-flex\">\n<div class=\"wp-block-button\"><a class=\"wp-block-button__link wp-element-button\" href=\"#services\">Voir nos services<\/a><\/div>\n<\/div>\n<\/div><figure class=\"wp-block-media-text__media\"><img loading=\"lazy\" decoding=\"async\" width=\"1024\" height=\"856\" src=\"http:\/\/waveazur.fr\/wp-content\/uploads\/2024\/08\/bbcc5013-0a52-4270-81c8-0ed7eea75ced-1024x856.png\" alt=\"\" class=\"wp-image-33 size-full\" srcset=\"https:\/\/waveazur.fr\/wp-content\/uploads\/2024\/08\/bbcc5013-0a52-4270-81c8-0ed7eea75ced-1024x856.png 1024w, https:\/\/waveazur.fr\/wp-content\/uploads\/2024\/08\/bbcc5013-0a52-4270-81c8-0ed7eea75ced-300x251.png 300w, https:\/\/waveazur.fr\/wp-content\/uploads\/2024\/08\/bbcc5013-0a52-4270-81c8-0ed7eea75ced-768x642.png 768w, https:\/\/waveazur.fr\/wp-content\/uploads\/2024\/08\/bbcc5013-0a52-4270-81c8-0ed7eea75ced.png 1280w\" sizes=\"auto, (max-width: 1024px) 100vw, 1024px\" \/><\/figure><\/div>\n<\/div>\n<\/div><\/div>\n\n\n\n<div class=\"wp-block-group alignfull has-ast-global-color-5-background-color has-background is-layout-constrained wp-container-core-group-is-layout-9cedb757 wp-block-group-is-layout-constrained\" style=\"padding-bottom:0px\">\n<div class=\"wp-block-columns are-vertically-aligned-top is-layout-flex wp-container-core-columns-is-layout-00723822 wp-block-columns-is-layout-flex\">\n<div class=\"wp-block-column is-vertically-aligned-top is-layout-flow wp-container-core-column-is-layout-6b73ce23 wp-block-column-is-layout-flow\">\n<figure class=\"wp-block-image size-thumbnail is-resized\"><img loading=\"lazy\" decoding=\"async\" width=\"150\" height=\"150\" src=\"http:\/\/waveazur.fr\/wp-content\/uploads\/2024\/08\/1-e1724154548424-150x150.png\" alt=\"\" class=\"wp-image-45\" style=\"width:58px;height:auto\"\/><\/figure>\n\n\n\n<h4 class=\"wp-block-heading has-text-align-left\" style=\"margin-top:16px\"><strong>Maintenance informatique<\/strong><\/h4>\n\n\n\n<p class=\"has-text-align-left\">Assurez le bon fonctionnement de votre syst\u00e8me avec nos contrats de maintenance personnalis\u00e9s. D\u00e9pannage rapide, mises \u00e0 jour, optimisation de vos performances et assistance des utilisateurs.<\/p>\n<\/div>\n\n\n\n<div class=\"wp-block-column is-vertically-aligned-top is-layout-flow wp-container-core-column-is-layout-6b73ce23 wp-block-column-is-layout-flow\">\n<figure class=\"wp-block-image size-full is-resized\"><img loading=\"lazy\" decoding=\"async\" width=\"382\" height=\"377\" src=\"http:\/\/waveazur.fr\/wp-content\/uploads\/2024\/08\/2-e1724154638566.png\" alt=\"\" class=\"wp-image-46\" style=\"width:58px\" srcset=\"https:\/\/waveazur.fr\/wp-content\/uploads\/2024\/08\/2-e1724154638566.png 382w, https:\/\/waveazur.fr\/wp-content\/uploads\/2024\/08\/2-e1724154638566-300x296.png 300w\" sizes=\"auto, (max-width: 382px) 100vw, 382px\" \/><\/figure>\n\n\n\n<h4 class=\"wp-block-heading has-text-align-left\" style=\"margin-top:16px\"><strong>Solutions logicielles<\/strong><\/h4>\n\n\n\n<p class=\"has-text-align-left\">D\u00e9couvrez notre gamme de logiciels adapt\u00e9s \u00e0 vos besoins. Nous vous proposons des solutions logicielles personnalis\u00e9es dont nous sommes revendeurs certifi\u00e9s.<\/p>\n<\/div>\n\n\n\n<div class=\"wp-block-column is-vertically-aligned-top is-layout-flow wp-container-core-column-is-layout-6b73ce23 wp-block-column-is-layout-flow\">\n<figure class=\"wp-block-image size-full is-resized\"><img loading=\"lazy\" decoding=\"async\" width=\"393\" height=\"380\" src=\"http:\/\/waveazur.fr\/wp-content\/uploads\/2024\/08\/3-e1724154688853.png\" alt=\"\" class=\"wp-image-47\" style=\"width:58px\" srcset=\"https:\/\/waveazur.fr\/wp-content\/uploads\/2024\/08\/3-e1724154688853.png 393w, https:\/\/waveazur.fr\/wp-content\/uploads\/2024\/08\/3-e1724154688853-300x290.png 300w\" sizes=\"auto, (max-width: 393px) 100vw, 393px\" \/><\/figure>\n\n\n\n<h4 class=\"wp-block-heading has-text-align-left\" style=\"margin-top:16px\"><strong>Mat\u00e9riels informatiques<\/strong><\/h4>\n\n\n\n<p class=\"has-text-align-left\">\u00c9quipez votre entreprise avec du mat\u00e9riel informatique de qualit\u00e9. Serveurs, postes de travail, p\u00e9riph\u00e9riques : nous s\u00e9lectionnons pour vous les meilleures marques, le meilleur rapport qualit\u00e9-prix, adapt\u00e9s \u00e0 vos besoins.<\/p>\n<\/div>\n\n\n\n<div class=\"wp-block-column is-vertically-aligned-top is-layout-flow wp-container-core-column-is-layout-6b73ce23 wp-block-column-is-layout-flow\">\n<figure class=\"wp-block-image size-full is-resized\"><img loading=\"lazy\" decoding=\"async\" width=\"387\" height=\"388\" src=\"http:\/\/waveazur.fr\/wp-content\/uploads\/2024\/08\/4-e1724154728791.png\" alt=\"\" class=\"wp-image-48\" style=\"width:58px\" srcset=\"https:\/\/waveazur.fr\/wp-content\/uploads\/2024\/08\/4-e1724154728791.png 387w, https:\/\/waveazur.fr\/wp-content\/uploads\/2024\/08\/4-e1724154728791-300x300.png 300w, https:\/\/waveazur.fr\/wp-content\/uploads\/2024\/08\/4-e1724154728791-150x150.png 150w\" sizes=\"auto, (max-width: 387px) 100vw, 387px\" \/><\/figure>\n\n\n\n<h4 class=\"wp-block-heading has-text-align-left\" style=\"margin-top:16px\"><strong>Int\u00e9gration donn\u00e9es<\/strong><\/h4>\n\n\n\n<p class=\"has-text-align-left\">Simplifiez votre passage \u00e0 de nouveaux logiciels. Nous assurons une migration de vos donn\u00e9es existantes vers nos solutions logicielles. Nous personnalisons notre accompagnement pour une transition r\u00e9ussie.<\/p>\n<\/div>\n<\/div>\n<\/div>\n\n\n\n<div class=\"wp-block-group alignfull is-layout-constrained wp-container-core-group-is-layout-45b0ac4f wp-block-group-is-layout-constrained\" id=\"services\" style=\"padding-top:144px;padding-bottom:0px\">\n<h2 class=\"wp-block-heading\">Nos Services<\/h2>\n\n\n\n<div class=\"wp-block-columns is-layout-flex wp-container-core-columns-is-layout-60cbf9bb wp-block-columns-is-layout-flex\" style=\"margin-top:50px\">\n<div class=\"wp-block-column is-layout-flow wp-container-core-column-is-layout-6b73ce23 wp-block-column-is-layout-flow\">\n<figure class=\"wp-block-image size-full\"><a href=\"https:\/\/www.wavesoft.fr\/\" target=\"_blank\" rel=\"noreferrer noopener\"><img loading=\"lazy\" decoding=\"async\" width=\"1586\" height=\"1986\" src=\"http:\/\/waveazur.fr\/wp-content\/uploads\/2024\/08\/Design-sans-titre-e1724156104453.png\" alt=\"\" class=\"wp-image-53\" srcset=\"https:\/\/waveazur.fr\/wp-content\/uploads\/2024\/08\/Design-sans-titre-e1724156104453.png 1586w, https:\/\/waveazur.fr\/wp-content\/uploads\/2024\/08\/Design-sans-titre-e1724156104453-240x300.png 240w, https:\/\/waveazur.fr\/wp-content\/uploads\/2024\/08\/Design-sans-titre-e1724156104453-818x1024.png 818w, https:\/\/waveazur.fr\/wp-content\/uploads\/2024\/08\/Design-sans-titre-e1724156104453-768x962.png 768w, https:\/\/waveazur.fr\/wp-content\/uploads\/2024\/08\/Design-sans-titre-e1724156104453-1227x1536.png 1227w\" sizes=\"auto, (max-width: 1586px) 100vw, 1586px\" \/><\/a><\/figure>\n\n\n\n<h3 class=\"wp-block-heading\" style=\"margin-top:16px\">WAVESOFT<\/h3>\n\n\n\n<p>WaveSoft est un logiciel ERP complet pour les TPE et PME. Fonctionnant avec plusieurs modules dont la gestion commerciale, la comptabilit\u00e9 et le CRM (Gestion de la Relation Client) fonctionnent en collaboration. En tant que partenaire certifi\u00e9, nous vous accompagnons dans l&rsquo;utilisation et la mise en place de cet outil performant. Installation, param\u00e9trage, formation et support technique. <\/p>\n<\/div>\n\n\n\n<div class=\"wp-block-column is-layout-flow wp-container-core-column-is-layout-6b73ce23 wp-block-column-is-layout-flow\">\n<figure class=\"wp-block-image size-full\"><a href=\"https:\/\/www.sage.com\/fr-fr\/produits\/sage-batigest-i7\/\" target=\"_blank\" rel=\"noreferrer noopener\"><img loading=\"lazy\" decoding=\"async\" width=\"479\" height=\"600\" src=\"http:\/\/waveazur.fr\/wp-content\/uploads\/2024\/08\/Design-sans-titre2.png\" alt=\"\" class=\"wp-image-55\" srcset=\"https:\/\/waveazur.fr\/wp-content\/uploads\/2024\/08\/Design-sans-titre2.png 479w, https:\/\/waveazur.fr\/wp-content\/uploads\/2024\/08\/Design-sans-titre2-240x300.png 240w\" sizes=\"auto, (max-width: 479px) 100vw, 479px\" \/><\/a><\/figure>\n\n\n\n<h3 class=\"wp-block-heading\" style=\"margin-top:16px\">SAGE BATIGEST CONNECT<\/h3>\n\n\n\n<p>Sage Batigest Connect est un logiciel complet pour les m\u00e9tiers du b\u00e2timent. Il permet de faire des devis, m\u00e9tr\u00e9s, facturation et suivi de chantiers. Performant et intuitif, il vous accompagne dans la gestion de votre activit\u00e9, la cr\u00e9ation de devis et dans le contr\u00f4le du suivi de vos chantiers. En tant que partenaire certifi\u00e9, nous vous accompagnons dans l&rsquo;utilisation et la mise en place de cet outil performant, installation, param\u00e9trage, formation et support technique. <\/p>\n<\/div>\n\n\n\n<div class=\"wp-block-column is-layout-flow wp-container-core-column-is-layout-6b73ce23 wp-block-column-is-layout-flow\">\n<figure class=\"wp-block-image size-full\"><img loading=\"lazy\" decoding=\"async\" width=\"479\" height=\"600\" src=\"http:\/\/waveazur.fr\/wp-content\/uploads\/2024\/08\/Design-sans-titre4.png\" alt=\"\" class=\"wp-image-56\" srcset=\"https:\/\/waveazur.fr\/wp-content\/uploads\/2024\/08\/Design-sans-titre4.png 479w, https:\/\/waveazur.fr\/wp-content\/uploads\/2024\/08\/Design-sans-titre4-240x300.png 240w\" sizes=\"auto, (max-width: 479px) 100vw, 479px\" \/><\/figure>\n\n\n\n<h3 class=\"wp-block-heading\" style=\"margin-top:16px\">NOTRE ENTREPRISE<\/h3>\n\n\n\n<p>Notre engagement ne se limite pas \u00e0 la revente de logiciels que nous assurons avec une int\u00e9gration des donn\u00e9es et une maintenance. Nous vous accompagnons dans l&rsquo;installation \u00e0 la r\u00e9paration de vos \u00e9quipements, en passant par la mise \u00e0 jour de vos logiciels, de vos serveurs. Pour une s\u00e9curit\u00e9 et un environnement optimal de nos clients professionnels, nous garantissons un suivi personnalis\u00e9 et r\u00e9actif.<\/p>\n<\/div>\n<\/div>\n<\/div>\n\n\n\n<div class=\"wp-block-group alignfull has-ast-global-color-5-background-color has-background is-layout-constrained wp-container-core-group-is-layout-94d206d0 wp-block-group-is-layout-constrained\" id=\"about\" style=\"padding-top:143px;padding-bottom:144px\">\n<div class=\"wp-block-media-text has-media-on-the-right is-stacked-on-mobile is-vertically-aligned-center\" style=\"grid-template-columns:auto 48%\"><div class=\"wp-block-media-text__content\">\n<div class=\"inherit-container-width wp-block-group is-layout-constrained wp-container-core-group-is-layout-47ce07ec wp-block-group-is-layout-constrained\" style=\"padding-right:80px\">\n<h2 class=\"wp-block-heading\" style=\"padding-right:40px\">Notre histoire<\/h2>\n\n\n\n<p>Cr\u00e9\u00e9e en 2009, la soci\u00e9t\u00e9 WAVEAZUR est avant tout une structure familiale. Notre entreprise s&rsquo;est forg\u00e9 une solide r\u00e9putation dans le Var, les Alpes-Maritimes, les Bouches-du-Rh\u00f4ne. Apr\u00e8s quatre ann\u00e9es pass\u00e9es au sein de l&rsquo;entreprise en tant que technicien, Je reprends les r\u00eanes en 2022, fort de la confiance accord\u00e9e par les anciens dirigeants. Notre objectif ? Continuer \u00e0 vous accompagner au quotidien, vous, les professionnels et les entreprises de notre r\u00e9gion en vous offrant un service informatique personnalis\u00e9 et de proximit\u00e9<\/p>\n\n\n\n<p>Situ\u00e9e \u00e0 Le Muy, Var, France. <\/p>\n<\/div>\n<\/div><figure class=\"wp-block-media-text__media\"><img loading=\"lazy\" decoding=\"async\" width=\"500\" height=\"500\" src=\"https:\/\/waveazur.fr\/wp-content\/uploads\/2024\/08\/Digital.png\" alt=\"\" class=\"wp-image-85 size-full\" srcset=\"https:\/\/waveazur.fr\/wp-content\/uploads\/2024\/08\/Digital.png 500w, https:\/\/waveazur.fr\/wp-content\/uploads\/2024\/08\/Digital-300x300.png 300w, https:\/\/waveazur.fr\/wp-content\/uploads\/2024\/08\/Digital-150x150.png 150w\" sizes=\"auto, (max-width: 500px) 100vw, 500px\" \/><\/figure><\/div>\n<\/div>\n\n\n\n<div class=\"wp-block-group alignfull is-layout-constrained wp-container-core-group-is-layout-3fee123f wp-block-group-is-layout-constrained\" id=\"whyus\" style=\"padding-top:144px;padding-bottom:144px\">\n<h2 class=\"wp-block-heading\">Contact<\/h2>\n\n\n\n<div class=\"wp-block-columns is-layout-flex wp-container-core-columns-is-layout-29aadeec wp-block-columns-is-layout-flex\" style=\"margin-top:60px\">\n<div class=\"wp-block-column is-layout-flow wp-container-core-column-is-layout-a829d4a4 wp-block-column-is-layout-flow\">\n<figure class=\"wp-block-image size-full is-resized\"><img loading=\"lazy\" decoding=\"async\" width=\"396\" height=\"409\" src=\"http:\/\/waveazur.fr\/wp-content\/uploads\/2024\/08\/5-e1724162790710.png\" alt=\"\" class=\"wp-image-79\" style=\"width:58px\" srcset=\"https:\/\/waveazur.fr\/wp-content\/uploads\/2024\/08\/5-e1724162790710.png 396w, https:\/\/waveazur.fr\/wp-content\/uploads\/2024\/08\/5-e1724162790710-290x300.png 290w\" sizes=\"auto, (max-width: 396px) 100vw, 396px\" \/><\/figure>\n\n\n\n<h3 class=\"wp-block-heading\" style=\"margin-top:16px\">Adresse <\/h3>\n\n\n\n<div class=\"wp-block-group is-layout-constrained wp-block-group-is-layout-constrained\">\n<div class=\"wp-block-group is-layout-constrained wp-block-group-is-layout-constrained\">\n<p>1790 ROUTE DE LA MOTTE <\/p>\n\n\n\n<p>83490 LE MUY <\/p>\n<\/div>\n<\/div>\n<\/div>\n\n\n\n<div class=\"wp-block-column is-layout-flow wp-container-core-column-is-layout-6b73ce23 wp-block-column-is-layout-flow\">\n<figure class=\"wp-block-image size-full is-resized\"><img loading=\"lazy\" decoding=\"async\" width=\"392\" height=\"365\" src=\"http:\/\/waveazur.fr\/wp-content\/uploads\/2024\/08\/7-e1724162834372.png\" alt=\"\" class=\"wp-image-81\" style=\"width:58px\" srcset=\"https:\/\/waveazur.fr\/wp-content\/uploads\/2024\/08\/7-e1724162834372.png 392w, https:\/\/waveazur.fr\/wp-content\/uploads\/2024\/08\/7-e1724162834372-300x279.png 300w\" sizes=\"auto, (max-width: 392px) 100vw, 392px\" \/><\/figure>\n\n\n\n<h3 class=\"wp-block-heading\" style=\"margin-top:16px\">Mail<\/h3>\n\n\n\n<p><a href=\"mailto:info@waveazur.fr\">info@waveazur.fr<\/a><\/p>\n<\/div>\n\n\n\n<div class=\"wp-block-column is-layout-flow wp-container-core-column-is-layout-6b73ce23 wp-block-column-is-layout-flow\">\n<figure class=\"wp-block-image size-full is-resized\"><img loading=\"lazy\" decoding=\"async\" width=\"383\" height=\"393\" src=\"http:\/\/waveazur.fr\/wp-content\/uploads\/2024\/08\/6-e1724162872260.png\" alt=\"\" class=\"wp-image-80\" style=\"width:58px\" srcset=\"https:\/\/waveazur.fr\/wp-content\/uploads\/2024\/08\/6-e1724162872260.png 383w, https:\/\/waveazur.fr\/wp-content\/uploads\/2024\/08\/6-e1724162872260-292x300.png 292w\" sizes=\"auto, (max-width: 383px) 100vw, 383px\" \/><\/figure>\n\n\n\n<h3 class=\"wp-block-heading\" style=\"margin-top:16px\">T\u00e9l\u00e9phones<\/h3>\n\n\n\n<p>Fixe : 09.80.73.40.01<\/p>\n\n\n\n<p>Portable : 07.66.57.07.56<\/p>\n<\/div>\n<\/div>\n<\/div>\n\n\n\n<div class=\"wp-block-cover alignfull\" style=\"min-height:50px;aspect-ratio:unset;\"><span aria-hidden=\"true\" class=\"wp-block-cover__background has-background-dim-100 has-background-dim has-background-gradient\" style=\"background:linear-gradient(90deg,rgba(159,222,87,0.86) 0%,rgb(6,147,227) 100%,rgb(92,225,230) 100%)\"><\/span><div class=\"wp-block-cover__inner-container is-layout-flow wp-block-cover-is-layout-flow\">\n<figure class=\"wp-block-image aligncenter size-full is-resized\"><img loading=\"lazy\" decoding=\"async\" width=\"250\" height=\"250\" src=\"http:\/\/waveazur.fr\/wp-content\/uploads\/2024\/08\/wavesoft_logo_partenaire_certifie_2024.png\" alt=\"\" class=\"wp-image-83\" style=\"width:160px;height:auto\" srcset=\"https:\/\/waveazur.fr\/wp-content\/uploads\/2024\/08\/wavesoft_logo_partenaire_certifie_2024.png 250w, https:\/\/waveazur.fr\/wp-content\/uploads\/2024\/08\/wavesoft_logo_partenaire_certifie_2024-150x150.png 150w\" sizes=\"auto, (max-width: 250px) 100vw, 250px\" \/><\/figure>\n<\/div><\/div>\n","protected":false},"excerpt":{"rendered":"<p>Maintenance informatique Assurez le bon fonctionnement de votre syst\u00e8me avec nos contrats de maintenance personnalis\u00e9s. D\u00e9pannage rapide, mises \u00e0 jour, [&hellip;]<\/p>\n","protected":false},"author":1,"featured_media":0,"parent":0,"menu_order":0,"comment_status":"closed","ping_status":"closed","template":"","meta":{"site-sidebar-layout":"no-sidebar","site-content-layout":"plain-container","ast-site-content-layout":"","site-content-style":"default","site-sidebar-style":"default","ast-global-header-display":"","ast-banner-title-visibility":"","ast-main-header-display":"","ast-hfb-above-header-display":"","ast-hfb-below-header-display":"","ast-hfb-mobile-header-display":"","site-post-title":"disabled","ast-breadcrumbs-content":"","ast-featured-img":"","footer-sml-layout":"","theme-transparent-header-meta":"enabled","adv-header-id-meta":"","stick-header-meta":"","header-above-stick-meta":"","header-main-stick-meta":"","header-below-stick-meta":"","astra-migrate-meta-layouts":"default","ast-page-background-enabled":"default","ast-page-background-meta":{"desktop":{"background-color":"var(--ast-global-color-4)","background-image":"","background-repeat":"repeat","background-position":"center center","background-size":"auto","background-attachment":"scroll","background-type":"","background-media":"","overlay-type":"","overlay-color":"","overlay-opacity":"","overlay-gradient":""},"tablet":{"background-color":"","background-image":"","background-repeat":"repeat","background-position":"center center","background-size":"auto","background-attachment":"scroll","background-type":"","background-media":"","overlay-type":"","overlay-color":"","overlay-opacity":"","overlay-gradient":""},"mobile":{"background-color":"","background-image":"","background-repeat":"repeat","background-position":"center center","background-size":"auto","background-attachment":"scroll","background-type":"","background-media":"","overlay-type":"","overlay-color":"","overlay-opacity":"","overlay-gradient":""}},"ast-content-background-meta":{"desktop":{"background-color":"var(--ast-global-color-5)","background-image":"","background-repeat":"repeat","background-position":"center center","background-size":"auto","background-attachment":"scroll","background-type":"","background-media":"","overlay-type":"","overlay-color":"","overlay-opacity":"","overlay-gradient":""},"tablet":{"background-color":"var(--ast-global-color-5)","background-image":"","background-repeat":"repeat","background-position":"center center","background-size":"auto","background-attachment":"scroll","background-type":"","background-media":"","overlay-type":"","overlay-color":"","overlay-opacity":"","overlay-gradient":""},"mobile":{"background-color":"var(--ast-global-color-5)","background-image":"","background-repeat":"repeat","background-position":"center center","background-size":"auto","background-attachment":"scroll","background-type":"","background-media":"","overlay-type":"","overlay-color":"","overlay-opacity":"","overlay-gradient":""}},"footnotes":""},"class_list":["post-7","page","type-page","status-publish","hentry"],"jetpack_sharing_enabled":true,"_links":{"self":[{"href":"https:\/\/waveazur.fr\/index.php\/wp-json\/wp\/v2\/pages\/7","targetHints":{"allow":["GET"]}}],"collection":[{"href":"https:\/\/waveazur.fr\/index.php\/wp-json\/wp\/v2\/pages"}],"about":[{"href":"https:\/\/waveazur.fr\/index.php\/wp-json\/wp\/v2\/types\/page"}],"author":[{"embeddable":true,"href":"https:\/\/waveazur.fr\/index.php\/wp-json\/wp\/v2\/users\/1"}],"replies":[{"embeddable":true,"href":"https:\/\/waveazur.fr\/index.php\/wp-json\/wp\/v2\/comments?post=7"}],"version-history":[{"count":23,"href":"https:\/\/waveazur.fr\/index.php\/wp-json\/wp\/v2\/pages\/7\/revisions"}],"predecessor-version":[{"id":92,"href":"https:\/\/waveazur.fr\/index.php\/wp-json\/wp\/v2\/pages\/7\/revisions\/92"}],"wp:attachment":[{"href":"https:\/\/waveazur.fr\/index.php\/wp-json\/wp\/v2\/media?parent=7"}],"curies":[{"name":"wp","href":"https:\/\/api.w.org\/{rel}","templated":true}]}}